{"id":62,"date":"2023-09-27T14:51:09","date_gmt":"2023-09-27T14:51:09","guid":{"rendered":"http:\/\/barankanl.iamadg.com\/home\/?page_id=62"},"modified":"2023-09-27T18:59:14","modified_gmt":"2023-09-27T18:59:14","slug":"wie-zijn-wij","status":"publish","type":"page","link":"http:\/\/barankanl.iamadg.com\/home\/wie-zijn-wij\/","title":{"rendered":"Who are we?"},"content":{"rendered":"\n<figure class=\"wp-block-image\"><img decoding=\"async\" src=\"http:\/\/www.greenfuturesolutions.net\/Restorashon\/wp-content\/uploads\/2023\/09\/DSC_0141-1024x708.jpg\" alt=\"\" class=\"wp-image-40\"\/><\/figure>\n\n\n\n<p>Rock of Restoration was founded in May 1987 by Pastor Karel Heinz. For almost 20 years now the church is lead by Pastor Ramiro Richards and his wife Tamara Richards,\u00a0 who dedicate their life compleetly to the works of the Lord,\u00a0 which is helping all individuals in all sort and kind of needs.<br><br>Pastor Ramiro:<br><em>\u201cDear brethren in Christ, I don&#8217;t know what situation you may be confronting in your life at the this moment, but I Pastor Ramiro Richards, wants to encourage you to make Jesus Christ the Lord in your life and let Christ govern your life. In His word(The Bible) He says: knock and I will answer, search and you will find. Today Almighty God is waiting for you to meet Him and invite Him into your heart. God has a plan and a purpose for your life and know that nothing is impossible for The Lord our God. He will never abandon ,nor forsake you. GOD LOVES YOU. GOD BLESS YOU!<\/em> \u201d<\/p>\n\n\n\n<h2 class=\"wp-block-heading\">Our methods<\/h2>\n\n\n\n<p>Through prayer and worship on a personal way to touch the heart of God:<\/p>\n\n\n\n<ul class=\"wp-block-list\">\n<li>So the word of God becomes a way of living in a practical way in our lives<\/li>\n\n\n\n<li>So that other people can see Jesus Christ through our lives<\/li>\n\n\n\n<li>Passionated, Our love for God<\/li>\n\n\n\n<li>Through the focus on the persons in need, working on relationships<\/li>\n\n\n\n<li>For the souls who have received the light of God to be &#8220;the light&#8221; for the lost souls<\/li>\n\n\n\n<li>To create an action plan to make a difference NOW in Bonaire<\/li>\n<\/ul>\n\n\n\n<h2 class=\"wp-block-heading\">What are our beliefs?<\/h2>\n\n\n\n<figure class=\"wp-block-image\"><img decoding=\"async\" src=\"http:\/\/www.greenfuturesolutions.net\/Restorashon\/wp-content\/uploads\/2023\/09\/DSC_0220-scaled.jpg\" alt=\"\" class=\"wp-image-12\"\/><\/figure>\n\n\n\n<p>By the authority of the word of our living God that never change. The Whole scripture is inspired by God and is useful to teach and instruct us how to live a correct Life. (2 Tim.3:16; 2 Peter.1:20-21)<br><br><strong>Salvation<\/strong>:\u00a0The finalist work through Jesus Christ, the Son of God at the cross of Calvary and His resurrection . Rom 5:9 | Thess 5:9-10 | Hebrews 5:8-9<br><br><strong>Baptism of the Holy Spirit<\/strong>:\u00a0Evidence through speaking in tongues and practicing it&#8217;s gifts. Acts 2:1-4<br><br><strong>Ministry of Reconciliation<\/strong>:\u00a0One of the five gifts of ministry of the church. 2 Cor 5:18-20 || Col 1:20 || Hebrews 2:17 || Eph 4:11-13<br><br><strong>Healing and Miracles<\/strong>:\u00a0Through the wounds and the blood of Jesus Christ Mat 10:1 || Mark 16:20 || 1 Cor 12:4-11 || John 5:13-15<br><br><strong>Last Judgement<\/strong>:\u00a0Hell is the final destination for all who do not wish to receive the Kingdom of God. Rev 20:15 || Luke 12:5<br><br><strong>Second Coming<\/strong>:\u00a0From our Lord and Savior Jesus Christ. Matt 24:30 || Luke 21:26-27 || 1 Thes 4:16-17 || Titus 2:13 || Rev 19:7-9<\/p>\n\n\n\n<h2 class=\"wp-block-heading\">One Vision, One Mission and One Annointing<\/h2>\n\n\n\n<p>The name that the Lord has given our Church helps us understand the mission and the vision that the Lord has given us. The Lord has given our church &#8220;The Rock of Restoration&#8221; a Vision to comply with.<\/p>\n\n\n\n<h2 class=\"wp-block-heading\">Our Vision<\/h2>\n\n\n\n<p>To bring restauration in Lifes, Relationships, Marriages, Families, Church, Community and Bonaire. <br>The Word of God tell us in Habakuk 2: 2-3 the e importance to write our vision.<br><br>From the beginning God said that He will restore every thing that satan has destroyed.<\/p>\n\n\n\n<ol class=\"wp-block-list\">\n<li>Restoring Lives: John 3:16, John 10:10<\/li>\n\n\n\n<li>Restoring of Relationships: Mal 4:6<\/li>\n\n\n\n<li>Restoring Marriages: Mal 4:6<\/li>\n\n\n\n<li>Restoring Families: Job 42: 10-17<\/li>\n\n\n\n<li>Restoring the Church: Acts 3: 19-21<\/li>\n\n\n\n<li>Restoring the Community: Acts 3:21<\/li>\n\n\n\n<li>Restoring Bonaire: Acts 3:21<\/li>\n<\/ol>\n\n\n\n<p>These are the visions that the Lord has given our Church<\/p>\n\n\n\n<h2 class=\"wp-block-heading\">Our Mission<\/h2>\n\n\n\n<p>Principal Purpose:<br>Our principal purpose is through mobilization of the church to get to the community of Bonaire with the main message that GOD IS LOVE, so that we can complete our main goal which is restoration of persons, homes and family. So that we can form healthy family ,fiscal and spiritual here in Bonaire.<\/p>\n\n\n\n<h2 class=\"wp-block-heading\">Our Church<\/h2>\n\n\n\n<p><\/p>\n\n\n\n<figure class=\"wp-block-image\"><img decoding=\"async\" src=\"http:\/\/www.greenfuturesolutions.net\/Restorashon\/wp-content\/uploads\/2023\/09\/DSC_0092-1024x711.jpg\" alt=\"\" class=\"wp-image-25\"\/><\/figure>\n\n\n\n<figure class=\"wp-block-image\"><img decoding=\"async\" src=\"http:\/\/www.greenfuturesolutions.net\/Restorashon\/wp-content\/uploads\/2023\/09\/DSC_0135-1024x663.jpg\" alt=\"\" class=\"wp-image-52\"\/><\/figure>\n\n\n\n<figure class=\"wp-block-image\"><img decoding=\"async\" src=\"http:\/\/www.greenfuturesolutions.net\/Restorashon\/wp-content\/uploads\/2023\/09\/DSC_0144-1024x683.jpg\" alt=\"\" class=\"wp-image-41\"\/><\/figure>\n\n\n\n<figure class=\"wp-block-image\"><img decoding=\"async\" src=\"http:\/\/www.greenfuturesolutions.net\/Restorashon\/wp-content\/uploads\/2023\/09\/DSC_0222-1024x683.jpg\" alt=\"\" class=\"wp-image-13\"\/><\/figure>\n\n\n\n<h2 class=\"wp-block-heading\">Our History<\/h2>\n\n\n\n<p>Konhuntamente ku iglesia Bida Nobo di K\u00f2rsou I Asamblea di Dios di Merka, a kumins\u00e1 un iglesia na Boneiru. Dia 24 di April 1987 riba un djabi\u00e8rn\u00e9 un pareha h\u00f3ben ku a kaba di kumpli 4 luna kasa, Lionel Wiel i su esposa Yessie Wiel a bin pa kumins\u00e1 ku un obra pa Se\u00f1or. Huntu ku e misionero Karl Heinz Heistermann i su kasa Renata, nan a kumins\u00e1 testifika den tur bario nan di Boneiru. Spesialmente Antriol, Lagun i Nikiboko. Nan tabata evangelis\u00e1 di kas pa kas i gana almanan pa media di e b\u00e8rdat.<br><br>Dia 9 di mei 1987 nan a kumins\u00e1 ku sirbishi tur djaluna den Sentro di bario Antriol ku 12 hende i kuminsamentu di yuni nan a kumins\u00e1 ku kampana bou di t\u00e8nt na Antriol riba un terreno bashi, dilanti di kaya bulad\u00f3 number dos.<br><br>Durante tres luna largu, nan tabata evangelis\u00e1 r\u00f2nt Boneiru ku yudansa de grupo nan voluntario for di Marka ku a bini pa sosten\u00e9 nan.<br><br>Despu\u00e9s di e tres lunanan aki, nan a kumins\u00e1 ku sirbishinan tur djaluna, djaraason, djabi\u00e8rn\u00e8, i djadumingu nan tabatatin zondagschool. Tur sirbishi tabata tuma lug\u00e1 na kas di pastor Wiel.<br>Prom\u00e9 na Kaya bulado number dos, i despu\u00e9s na kaya Zuit Nikiboko. Na a\u00f1a 1990 nos a kumpra un terreno na Kaya Zuit Nikiboko. Huntu ku e misioneronan Karl Heinz Heistermann i su esposa Renata Heistermann i ku yudansa di meikanonan for di Merka i miembronan local, nos a kumins\u00e1 konstru\u00ed e iglesia i e kas pastoral. Na a\u00f1a 1992 e misioneronan Heistermann mester a bai Merka bek. Na 1994 pastor Lionel Wiel i su esposa Yessie Wiel a pasa e obra pa Eric Alberga di Aruba.<br><br><\/p>\n","protected":false},"excerpt":{"rendered":"<p>Rock of Restoration was founded in May 1987 by Pastor Karel Heinz. For almost 20 years now the church is lead by Pastor Ramiro Richards and his wife Tamara Richards,\u00a0 [&hellip;]<\/p>\n","protected":false},"author":1,"featured_media":0,"parent":0,"menu_order":0,"comment_status":"closed","ping_status":"closed","template":"","meta":{"footnotes":""},"class_list":["post-62","page","type-page","status-publish","hentry"],"_links":{"self":[{"href":"http:\/\/barankanl.iamadg.com\/home\/wp-json\/wp\/v2\/pages\/62","targetHints":{"allow":["GET"]}}],"collection":[{"href":"http:\/\/barankanl.iamadg.com\/home\/wp-json\/wp\/v2\/pages"}],"about":[{"href":"http:\/\/barankanl.iamadg.com\/home\/wp-json\/wp\/v2\/types\/page"}],"author":[{"embeddable":true,"href":"http:\/\/barankanl.iamadg.com\/home\/wp-json\/wp\/v2\/users\/1"}],"replies":[{"embeddable":true,"href":"http:\/\/barankanl.iamadg.com\/home\/wp-json\/wp\/v2\/comments?post=62"}],"version-history":[{"count":3,"href":"http:\/\/barankanl.iamadg.com\/home\/wp-json\/wp\/v2\/pages\/62\/revisions"}],"predecessor-version":[{"id":136,"href":"http:\/\/barankanl.iamadg.com\/home\/wp-json\/wp\/v2\/pages\/62\/revisions\/136"}],"wp:attachment":[{"href":"http:\/\/barankanl.iamadg.com\/home\/wp-json\/wp\/v2\/media?parent=62"}],"curies":[{"name":"wp","href":"https:\/\/api.w.org\/{rel}","templated":true}]}}